{"id":239,"date":"2026-04-27T22:15:50","date_gmt":"2026-04-27T22:15:50","guid":{"rendered":"https:\/\/macteckdesign.ca\/?page_id=239"},"modified":"2026-04-28T00:50:48","modified_gmt":"2026-04-28T00:50:48","slug":"macteck_design","status":"publish","type":"page","link":"https:\/\/macteckdesign.ca\/?page_id=239","title":{"rendered":"Macteck_design"},"content":{"rendered":"\n\n\n\n\n\n\n<section class=\"mds-d5-testimonials mds-d5-testimonials--preset-corporate-blue mds-d5-testimonials--layout-carousel mds-d5-testimonials--size-large mds-d5-testimonials--align-left mds-d5-testimonials--style-target-element mds-d5-testimonials--card-shadow-sm mds-d5-testimonials--hover-lift mds-d5-testimonials--intensity-medium mds-d5-testimonials--avatar-circle mds-d5-testimonials--equal-height mds-d5-testimonials--mobile-stack\" style=\"--mds-tc-items-per-view:2;--mds-tc-items-mobile:1;--mds-tc-grid-cols:2;--mds-tc-padding-x:40px;--mds-tc-padding-y:48px;--mds-tc-card-gap:20px;--mds-tc-card-radius:16px;--mds-tc-card-padding-x:20px;--mds-tc-card-padding-y:20px;--mds-tc-card-border-width:1px;--mds-tc-title-size:28px;--mds-tc-intro-size:16px;--mds-tc-quote-size:17px;--mds-tc-quote-lh:1.6;--mds-tc-author-size:15px;--mds-tc-role-size:13px;--mds-tc-author-weight:600;--mds-tc-avatar-size:48px;--mds-tc-star-size:16px;--mds-tc-arrow-size:40px;--mds-tc-dots-size:10px;--mds-tc-mobile-gap:12px;--mds-tc-mobile-pad-x:16px\" data-mds-testimonials-root=\"1\" data-mds-tc-layout=\"carousel\" data-mds-tc-items-desktop=\"2\" data-mds-tc-items-mobile=\"1\" data-mds-tc-autoplay=\"0\" data-mds-tc-autoplay-ms=\"5000\" data-mds-tc-loop=\"1\"><div class=\"et_pb_module_inner mds-d5-testimonials__inner\"><div class=\"mds-d5-testimonials__header\"><h2 class=\"mds-d5-testimonials__title\">Ils nous font confiance<\/h2><p class=\"mds-d5-testimonials__intro\">Des clients accompagn\u00e9s avec rigueur et bienveillance.<\/p><\/div><div class=\"mds-d5-testimonials__viewport\"><div class=\"mds-d5-testimonials__track\"><article class=\"mds-d5-testimonials__item\"><div class=\"mds-d5-testimonials__rating\" aria-label=\"Note 5 sur 5\">\u2605\u2605\u2605\u2605\u2605<\/div><blockquote class=\"mds-d5-testimonials__quote\">Service rapide, clair et professionnel.<\/blockquote><div class=\"mds-d5-testimonials__author\"><div class=\"mds-d5-testimonials__avatar\"><span class=\"mds-d5-testimonials__avatar-initials\" aria-hidden=\"true\">MT<\/span><\/div><div class=\"mds-d5-testimonials__author-text\"><div class=\"mds-d5-testimonials__name\">Marie Tremblay<\/div><div class=\"mds-d5-testimonials__role\">Notaire<\/div><\/div><\/div><\/article><article class=\"mds-d5-testimonials__item\"><div class=\"mds-d5-testimonials__rating\" aria-label=\"Note 5 sur 5\">\u2605\u2605\u2605\u2605\u2605<\/div><blockquote class=\"mds-d5-testimonials__quote\">Mon Mac est redevenu rapide et stable.<\/blockquote><div class=\"mds-d5-testimonials__author\"><div class=\"mds-d5-testimonials__avatar\"><span class=\"mds-d5-testimonials__avatar-initials\" aria-hidden=\"true\">JR<\/span><\/div><div class=\"mds-d5-testimonials__author-text\"><div class=\"mds-d5-testimonials__name\">Jean Roy<\/div><div class=\"mds-d5-testimonials__role\">Entrepreneur<\/div><\/div><\/div><\/article><article class=\"mds-d5-testimonials__item\"><div class=\"mds-d5-testimonials__rating\" aria-label=\"Note 4.5 sur 5\">\u2605\u2605\u2605\u2605\u2606<\/div><blockquote class=\"mds-d5-testimonials__quote\">Excellent accompagnement et explications simples.<\/blockquote><div class=\"mds-d5-testimonials__author\"><div class=\"mds-d5-testimonials__avatar\"><span class=\"mds-d5-testimonials__avatar-initials\" aria-hidden=\"true\">SG<\/span><\/div><div class=\"mds-d5-testimonials__author-text\"><div class=\"mds-d5-testimonials__name\">Sophie Gagnon<\/div><div class=\"mds-d5-testimonials__role\">PME<\/div><\/div><\/div><\/article><\/div><\/div><div class=\"mds-d5-testimonials__nav\"><button type=\"button\" class=\"mds-d5-testimonials__arrow mds-d5-testimonials__arrow--prev\" aria-label=\"T\u00e9moignage pr\u00e9c\u00e9dent\"><span aria-hidden=\"true\">\u2039<\/span><\/button><button type=\"button\" class=\"mds-d5-testimonials__arrow mds-d5-testimonials__arrow--next\" aria-label=\"T\u00e9moignage suivant\"><span aria-hidden=\"true\">\u203a<\/span><\/button><div class=\"mds-d5-testimonials__dots\" role=\"tablist\"><button type=\"button\" class=\"mds-d5-testimonials__dot\" role=\"tab\" aria-label=\"Aller au t\u00e9moignage 1\" data-mds-dot=\"0\"><\/button><button type=\"button\" class=\"mds-d5-testimonials__dot\" role=\"tab\" aria-label=\"Aller au t\u00e9moignage 2\" data-mds-dot=\"1\"><\/button><button type=\"button\" class=\"mds-d5-testimonials__dot\" role=\"tab\" aria-label=\"Aller au t\u00e9moignage 3\" data-mds-dot=\"2\"><\/button><\/div><\/div><\/div><\/section>\n\n\n","protected":false},"excerpt":{"rendered":"","protected":false},"author":2,"featured_media":0,"parent":0,"menu_order":0,"comment_status":"closed","ping_status":"closed","template":"","meta":{"footnotes":""},"class_list":["post-239","page","type-page","status-publish","hentry"],"_links":{"self":[{"href":"https:\/\/macteckdesign.ca\/index.php?rest_route=\/wp\/v2\/pages\/239","targetHints":{"allow":["GET"]}}],"collection":[{"href":"https:\/\/macteckdesign.ca\/index.php?rest_route=\/wp\/v2\/pages"}],"about":[{"href":"https:\/\/macteckdesign.ca\/index.php?rest_route=\/wp\/v2\/types\/page"}],"author":[{"embeddable":true,"href":"https:\/\/macteckdesign.ca\/index.php?rest_route=\/wp\/v2\/users\/2"}],"replies":[{"embeddable":true,"href":"https:\/\/macteckdesign.ca\/index.php?rest_route=%2Fwp%2Fv2%2Fcomments&post=239"}],"version-history":[{"count":7,"href":"https:\/\/macteckdesign.ca\/index.php?rest_route=\/wp\/v2\/pages\/239\/revisions"}],"predecessor-version":[{"id":255,"href":"https:\/\/macteckdesign.ca\/index.php?rest_route=\/wp\/v2\/pages\/239\/revisions\/255"}],"wp:attachment":[{"href":"https:\/\/macteckdesign.ca\/index.php?rest_route=%2Fwp%2Fv2%2Fmedia&parent=239"}],"curies":[{"name":"wp","href":"https:\/\/api.w.org\/{rel}","templated":true}]}}